{"id":5415,"date":"2015-01-08T13:43:56","date_gmt":"2015-01-08T13:43:56","guid":{"rendered":"http:\/\/www.bordeaux-bristol.fr\/bordeaux-bristol\/?page_id=5415"},"modified":"2020-09-13T16:28:12","modified_gmt":"2020-09-13T16:28:12","slug":"conversation-anglaise","status":"publish","type":"page","link":"https:\/\/www.bordeaux-bristol.fr\/en\/conversation-anglaise\/","title":{"rendered":"Cours d&#8217;Anglais"},"content":{"rendered":"<h2>Ann\u00e9e 2018 &#8211; 2019<\/h2>\n<h3>Cours Adultes<\/h3>\n<p><a href=\"http:\/\/www.bordeaux-bristol.fr\/wp-content\/uploads\/2018\/09\/2-ABB-Planning-adultes-mardi-2018-2019-1.pdf\" target=\"_blank\" role=\"button\" rel=\"noopener noreferrer\"><br \/>\nLe planning du mardi<br \/>\n<\/a><br \/>\n<a href=\"http:\/\/www.bordeaux-bristol.fr\/wp-content\/uploads\/2018\/09\/2-ABB-Planning-adultes-Jeudi-2018-2019.pdf\" target=\"_blank\" role=\"button\" rel=\"noopener noreferrer\"><br \/>\nLe planning du jeudi<br \/>\n<\/a><\/p>\n<h2>Les&nbsp;<strong style=\"font-family: inherit;font-size: inherit\">cours de conversation anglaise pour adultes<\/strong>&nbsp;reprendront le&nbsp;<strong style=\"font-family: inherit;font-size: inherit\">mardi 2 octobre.<\/strong><\/h2>\n<p>Ces cours sont hebdomadaires de d\u00e9but octobre \u00e0 d\u00e9but juin, sauf vacances scolaires<strong>.&nbsp;<\/strong>Ils&nbsp;sont dispens\u00e9s&nbsp;par des intervenantes anglophones,&nbsp;<em>le mardi et le jeud<\/em>i&nbsp;<strong>au si\u00e8ge de l\u2019Association Bordeaux-Bristol<\/strong>, 13, Quai de la Monnaie, \u00e0 Bordeaux. (<em>tram C, arr\u00eat Saint-Michel).<\/em>&nbsp;Nos \u00ab&nbsp;\u00e9tudiants&nbsp;\u00bb sont r\u00e9partis en deux&nbsp;niveaux, &nbsp;<em>Interm\u00e9diaires\/ D\u00e9butants&nbsp;<\/em>et&nbsp;<em>Avanc\u00e9s<\/em>.<\/p>\n<h2>Le mardi avec Ciara Coogan :<\/h2>\n<ul>\n<li>de 14h \u00e0 15h pour le groupe 1, niveau avanc\u00e9*<\/li>\n<li>&nbsp;de 15h30 \u00e0 16h30 pour le groupe 2, niveau interm\u00e9diaire*<\/li>\n<li>&nbsp;avec \u00ab&nbsp;tea and biscuits&nbsp;\u00bb commun entre les deux cours.<\/li>\n<li>de 17h15 \u00e0 18h15 pour le groupe 3, niveau interm\u00e9diaire.<\/li>\n<\/ul>\n<p style=\"font-family: 'Open Sans';font-size: 14px\">*les horaires des groupes 1 et 2 alternent chaque semaine<\/p>\n<h2>avec Laura Whitaker :<\/h2>\n<ul>\n<li>de 18h30 \u00e0 19h30 pour le groupe 4, niveau avanc\u00e9.<\/li>\n<\/ul>\n<h2>Le jeudi avec Laura Whitaker :<\/h2>\n<ul>\n<li>de 16h \u00e0 17h, groupe 5, niveau D\u00e9butant \/ Interm\u00e9diaire.<\/li>\n<li>de 17h \u00e0 18h, groupe 6, niveau D\u00e9butant \/ Interm\u00e9diaire.<\/li>\n<li>18h &#8220;Tea ans biscuits&#8221;<\/li>\n<li>de 18h20 \u00e0 19h20, groupe 7, niveau D\u00e9butant \/ Interm\u00e9diaire.<\/li>\n<\/ul>\n<p>Le prix des cours pour l&#8217;ann\u00e9e s&#8217;\u00e9l\u00e8ve \u00e0 105\u20ac, pour une heure de cours ou 106\u20ac pour deux heures de cours auquel s&#8217;ajoute la cotisation d&#8217;adh\u00e9sion \u00e0 l&#8217;Association Bordeaux-Bristol :<\/p>\n<p>Individuelle : 35\u20ac<\/p>\n<p>Couple : 50\u20ac<\/p>\n<p>Scolaire ou Etudiant : 20 \u20ac<\/p>\n<p><font face=\"Open Sans\">Cliquer, imprimer et envoyer compl\u00e9t\u00e9s \u00e0 l&#8217;Association accompagn\u00e9s de vos ch\u00e8ques (adh\u00e9sion et cours), merci :<\/font><\/p>\n<p><a href=\"http:\/\/www.bordeaux-bristol.fr\/wp-content\/uploads\/2019\/01\/2019-ABB-Bulletin-adhesion_inscription-cours-v2.pdf\" role=\"button\"><br \/>\nBulletin d&#8217;inscription au cours de conversation anglaise et d&#8217;adh\u00e9sion \u00e0 l&#8217;Association BORDEAUX-BRISTOL<br \/>\n<\/a><\/p>\n<h2><em><strong>Renseignements et inscriptions&nbsp;<\/strong>\u00e0 &nbsp;l\u2019association par<\/em><strong>&nbsp;e-mail: <a href=\"mailto:contact@bordeaux-bristol.fr\">conversation@bordeaux-bristol.fr<\/a><\/strong><\/h2>\n<p style=\"text-align: right\">mis \u00e0 jour le 12-12-2018<\/p>\n<h3>Cours Ados<\/h3>\n<p><img fetchpriority=\"high\" decoding=\"async\" src=\"http:\/\/www.bordeaux-bristol.fr\/wp-content\/uploads\/2018\/09\/Screen-Shot-2018-09-14-at-18.37.04-411x1024.png\" alt=\"\" width=\"411\" height=\"1024\"><br \/>\n<a href=\"http:\/\/www.bordeaux-bristol.fr\/wp-content\/uploads\/2018\/09\/B-ADH.pdf\" role=\"button\"><br \/>\nBulletin d&#8217;adh\u00e9sion<br \/>\n<\/a><br \/>\n<a href=\"http:\/\/www.bordeaux-bristol.fr\/wp-content\/uploads\/2018\/09\/Association-Bordeaux-cours-ados-1.pdf\" role=\"button\"><br \/>\nBulletin d&#8217;inscription<br \/>\n<\/a><\/p>\n<h2><em>Renseignements et inscriptions&nbsp;<\/em><em style=\"font-size: 2.25rem\">\u00e0 &nbsp;l\u2019association par<\/em>&nbsp;e-mail:&nbsp;<\/h2>\n<p>guillaume.gual@bordeaux-bristol.fr<\/p>\n<p>D\u00e9but des cours le 28 septembre !!<\/p>\n<h3>Cours Enfants<\/h3>\n<h2><em>Ouverture de cours d&#8217;Anglais pour enfants le samedi<\/em>&nbsp;:<\/h2>\n<h6>Le premier cours aura lieu le 29 septembre 2018.<\/h6>\n<p><a href=\"http:\/\/www.bordeaux-bristol.fr\/wp-content\/uploads\/2018\/09\/Flyer-Bx-B-enfants-2019.pdf\">Affiche cours anglais enfants<\/a><\/p>\n<p><a href=\"http:\/\/www.bordeaux-bristol.fr\/wp-content\/uploads\/2018\/09\/Fiche-dinscription-6-8-ans-cours-danglais-Bx-B.pdf\">Fiche d&#8217;inscription&nbsp;enfant 6-8 ans<\/a><\/p>\n<p><a href=\"http:\/\/www.bordeaux-bristol.fr\/wp-content\/uploads\/2018\/09\/Fiche-dinscription-9-11-ans-cours-danglais-Bx-B.pdf\">Fiche d&#8217;inscription enfants 9-11 ans<\/a><\/p>\n<h2><em>Renseignements et inscriptions&nbsp;<\/em><em style=\"font-size: 2.25rem\">\u00e0 &nbsp;l\u2019association par<\/em>&nbsp;e-mail:&nbsp;<\/h2>\n<h2><a style=\"font-size: 2.25rem;background-color: #ffffff\" href=\"mailto:contact@bordeaux-bristol.fr\">enfants@bordeaux-bristol.fr<\/a><\/h2>\n<p>___________________________&nbsp;&nbsp;&nbsp;&nbsp;&nbsp;&nbsp;&nbsp;&nbsp;&nbsp;&nbsp;&nbsp;&nbsp;&nbsp;&nbsp;&nbsp;&nbsp;&nbsp;&nbsp;&nbsp;&nbsp;&nbsp;&nbsp;&nbsp;&nbsp;&nbsp;&nbsp;&nbsp;&nbsp;&nbsp;&nbsp;&nbsp;&nbsp;&nbsp;&nbsp;&nbsp;&nbsp;&nbsp;&nbsp;&nbsp;&nbsp;&nbsp;&nbsp;&nbsp;&nbsp;&nbsp;&nbsp;&nbsp;&nbsp;&nbsp;&nbsp;&nbsp;&nbsp;&nbsp;&nbsp;&nbsp;&nbsp;&nbsp;&nbsp;&nbsp;&nbsp;&nbsp;&nbsp;&nbsp;&nbsp;&nbsp;&nbsp;&nbsp;&nbsp;&nbsp;&nbsp;&nbsp;&nbsp;&nbsp;&nbsp;&nbsp;&nbsp;&nbsp;&nbsp;&nbsp;&nbsp;<br \/>\nSi vous \u00eates int\u00e9ress\u00e9(e), pri\u00e8re &nbsp;d&#8217;envoyer un e-mail \u00e0 l&#8217;association. Merci<\/p>\n<p>Page mise \u00e0 jour le 08\/08\/2018 et le 07\/09\/2018<\/p>\n<h2 style=\"text-align: center\"><strong>Atelier d\u2019anglais pour enfants<\/strong><\/h2>\n<h3 style=\"text-align: center\"><strong>Vacances de F\u00e9vrier 2019<\/strong><\/h3>\n<h3 style=\"text-align: center\">6-12 ans<\/h3>\n<p>L\u2019association Bordeaux-Bristol vous propose d\u2019accueillir vos enfants pour des journ\u00e9es<\/p>\n<p>ludiques en anglais anim\u00e9es par une entrepreneur, en partenariat avec la Pr\u00e9sidente de<\/p>\n<p>l\u2019Association.<\/p>\n<p>Votre enfant pourra s\u2019amuser durant ses vacances et se faire de nouveaux amis tout en<\/p>\n<p>d\u00e9veloppant ses connaissances en anglais par l\u2019interm\u00e9diaire de jeux, ateliers<\/p>\n<p>d\u00e9couvertes, ateliers culinaires, activit\u00e9s manuelles, chansons\u2026<\/p>\n<p>L\u2019accueil se fera de 9h \u00e0 16h durant les vacances <strong>sur les dates suivantes.<\/strong><\/p>\n<table width=\"744\">\n<tbody>\n<tr>\n<td width=\"248\">Lundi 18 F\u00e9vrier<\/td>\n<td width=\"248\">Lundi 25 F\u00e9vrier<\/td>\n<td width=\"248\">Mercredi 27 F\u00e9vrier<\/td>\n<\/tr>\n<tr>\n<td width=\"248\">Jeudi 22 F\u00e9vrier<\/td>\n<td width=\"248\">Mardi 26 F\u00e9vrier<\/td>\n<td width=\"248\">&nbsp;<\/td>\n<\/tr>\n<\/tbody>\n<\/table>\n<p>Pour des raisons de s\u00e9curit\u00e9 en terme d\u2019allergies nous vous demanderons de fournir le<\/p>\n<p>repas du midi ainsi que de nous pr\u00e9ciser si votre enfant est sujet \u00e0 des intol\u00e9rances ou<\/p>\n<p>allergies particuli\u00e8res (des p\u00e2tisseries seront r\u00e9alis\u00e9es sur certains jours)<\/p>\n<p>Le lien ci dessous vous permettra d\u2019inscrire votre enfant sur la ou les journ\u00e9es souhait\u00e9es.<\/p>\n<p>https:\/\/doodle.com\/poll\/id5az6x37rtwigh9<\/p>\n<p>Chacune des ces journ\u00e9es est ouverte aux enfants \u00e2g\u00e9s de 6 \u00e0 12 ans.<\/p>\n<p>Des groupes pourront \u00eatre effectu\u00e9s en fonction des inscriptions aux journ\u00e9es.<\/p>\n<p>TARIF :<\/p>\n<p>&#8211; 50\u20ac \/journ\u00e9e par enfant<\/p>\n<ul>\n<li>10\u20ac pour l\u2019inscription \u00e0 l\u2019association<\/li>\n<li>5\u20ac (pour l\u2019assurance)<\/li>\n<\/ul>\n<p><strong><u>Veuillez r\u00e9server en<\/u><\/strong> vous inscrivant sur le lien suivant :<\/p>\n<p>https:\/\/doodle.com\/poll\/id5az6x37rtwigh9<\/p>\n<p>OU en contactant<\/p>\n<ul>\n<li>hb@gmail.com OU<\/li>\n<li>contact@bordeaux-bristofr<\/li>\n<\/ul>\n<p>Attention : seulement 8 enfants par journ\u00e9e seront accept\u00e9s afin de permettre une bonne<\/p>\n<p>participation de chacun.<\/p>\n<p>Par ailleurs, les journ\u00e9es d\u2019accueil n\u2019auront lieu que si <u>au moins 4 enfants<\/u> sont inscrits \u00e0<\/p>\n<p>ces derni\u00e8res.<\/p>\n<p>Pour de plus amples informations, n\u2019h\u00e9sitez pas \u00e0 nous contacter par mail.<\/p>\n<p>Objet : Journ\u00e9es en anglais \u00ab Vacances de F\u00e9vrier \u00bb<\/p>\n<p><strong><u>R\u00e9servation Avant le 8 F\u00e9vrier 2019<\/u><\/strong> (organisation oblige !)<\/p>\n<p style=\"text-align: center\"><strong>HAVE FUN !!! CREATE !!!<\/strong><\/p>\n<p>\t\t\t<a href=\"http:\/\/www.bordeaux-bristol.fr\/wp-content\/uploads\/2019\/01\/Journ\u00e9es-linguistiques-ludiques-F\u00e9vrier-Bulletin-dinscription.pdf\" role=\"button\"><br \/>\nCliquez ici : Bulletin d&#8217;inscription aux journ\u00e9es linguistiques ludiques de f\u00e9vrier 2019<br \/>\n<\/a><\/p>\n<p>Si vous \u00eates int\u00e9ress\u00e9(e), pri\u00e8re &nbsp;d&#8217;envoyer un e-mail \u00e0 l&#8217;association. Merci<\/p>\n<p>Page mise \u00e0 jour le 08\/08\/2018 et le 07\/09\/2018 et le 13\/03\/2019<\/p>\n","protected":false},"excerpt":{"rendered":"<p>Ann\u00e9e 2018 &#8211; 2019 Cours Adultes Le planning du mardi Le planning du jeudi Les&nbsp;cours de conversation anglaise pour adultes&nbsp;reprendront le&nbsp;mardi 2 octobre. Ces cours sont hebdomadaires de d\u00e9but octobre \u00e0 d\u00e9but juin, sauf vacances scolaires.&nbsp;Ils&nbsp;sont dispens\u00e9s&nbsp;par des intervenantes anglophones,&nbsp;le mardi et le jeudi&nbsp;au si\u00e8ge de l\u2019Association Bordeaux-Bristol, 13, Quai<a class=\"moretag\" href=\"https:\/\/www.bordeaux-bristol.fr\/en\/conversation-anglaise\/\"> Read more<\/a><\/p>\n","protected":false},"author":5,"featured_media":0,"parent":0,"menu_order":0,"comment_status":"closed","ping_status":"open","template":"","meta":{"footnotes":""},"class_list":["post-5415","page","type-page","status-publish","hentry"],"_links":{"self":[{"href":"https:\/\/www.bordeaux-bristol.fr\/en\/wp-json\/wp\/v2\/pages\/5415","targetHints":{"allow":["GET"]}}],"collection":[{"href":"https:\/\/www.bordeaux-bristol.fr\/en\/wp-json\/wp\/v2\/pages"}],"about":[{"href":"https:\/\/www.bordeaux-bristol.fr\/en\/wp-json\/wp\/v2\/types\/page"}],"author":[{"embeddable":true,"href":"https:\/\/www.bordeaux-bristol.fr\/en\/wp-json\/wp\/v2\/users\/5"}],"replies":[{"embeddable":true,"href":"https:\/\/www.bordeaux-bristol.fr\/en\/wp-json\/wp\/v2\/comments?post=5415"}],"version-history":[{"count":1,"href":"https:\/\/www.bordeaux-bristol.fr\/en\/wp-json\/wp\/v2\/pages\/5415\/revisions"}],"predecessor-version":[{"id":8936,"href":"https:\/\/www.bordeaux-bristol.fr\/en\/wp-json\/wp\/v2\/pages\/5415\/revisions\/8936"}],"wp:attachment":[{"href":"https:\/\/www.bordeaux-bristol.fr\/en\/wp-json\/wp\/v2\/media?parent=5415"}],"curies":[{"name":"wp","href":"https:\/\/api.w.org\/{rel}","templated":true}]}}